{"id":122,"date":"2025-04-13T17:19:23","date_gmt":"2025-04-13T17:19:23","guid":{"rendered":"https:\/\/profiteducation.org\/refund-policy\/"},"modified":"2025-09-10T10:35:27","modified_gmt":"2025-09-10T10:35:27","slug":"refund-policy","status":"publish","type":"page","link":"https:\/\/profiteducation.org\/tr\/refund-policy\/","title":{"rendered":"\u0130ade politikas\u0131"},"content":{"rendered":"\r\n<p>Sat\u0131n alma d\u00fc\u011fmesindeki &#8220;Hemen Sat\u0131n Al&#8221;, &#8220;Sat\u0131n Al&#8221; veya ba\u015fka bir ifadeye t\u0131klayarak veya kredi kart\u0131 bilgilerinizi girerek veya elektronik, s\u00f6zl\u00fc veya ba\u015fka bir \u015fekilde kaydolarak, sat\u0131n alma s\u0131ras\u0131nda ayr\u0131 bir Sat\u0131n Alma \u015eartlar\u0131 S\u00f6zle\u015fmesi sa\u011flanmad\u0131\u011f\u0131 s\u00fcrece, siz (&#8220;M\u00fc\u015fteri&#8221;) \u015eirket taraf\u0131ndan size \u00fcr\u00fcn, program veya hizmet sa\u011flanmas\u0131n\u0131 kabul edersiniz. \u0130ADE POL\u0130T\u0130KASI: Profit Education kursuna kat\u0131lman\u0131zdan itibaren 60 g\u00fcn i\u00e7inde iadeler yap\u0131lacakt\u0131r.<\/p>\r\n\r\n\r\n\r\n<p>SORUMLULUK SINIRLAMASI<\/p>\r\n\r\n\r\n\r\n<p>S\u0130TE VEYA H\u0130ZMET\u0130 KULLANIMINIZDAN KAYNAKLANAN DO\u011eRUDAN, DOLAYLI, ARIZ\u0130, SONU\u00c7 OLARAK OLU\u015eAN, \u00d6ZEL, CEZA\u0130, \u00d6RNEK N\u0130TEL\u0130\u011e\u0130NDE VEYA BA\u015eKA HERHANG\u0130 B\u0130R ZARARDAN H\u0130\u00c7B\u0130R KO\u015eULDA SORUMLU OLMAYACA\u011eIMIZI KABUL EDERS\u0130N\u0130Z. EK OLARAK, Profit Education, (I) HERHANG\u0130 B\u0130R PERFORMANS BA\u015eARISIZLI\u011eI, HATA, EKS\u0130KL\u0130K, H\u0130ZMET REDD\u0130, SALDIRI, KES\u0130NT\u0130, S\u0130LME, KUSUR, \u0130\u015eLET\u0130MDE VEYA \u0130LET\u0130MDE GEC\u0130KME, B\u0130LG\u0130SAYAR V\u0130R\u00dcS\u00dc VEYA HAT VEYA S\u0130STEM ARIZASI; (II) GEL\u0130R, BEKLENEN KAR, \u0130\u015e, TASARRUF, \u015eEREF VEYA VER\u0130 KAYBI ile BA\u011eLANTILI ZARARLARDAN SORUMLU DE\u011e\u0130LD\u0130R; VE (III) \u0130HMAL\u0130M\u0130Z, A\u011eIR \u0130HMAL\u0130M\u0130Z, ESAS B\u0130R AMACIN BA\u015eARISIZLI\u011eI VE BU SORUMLULU\u011eUN \u0130HMAL, S\u00d6ZLE\u015eME, HAKSIZ F\u0130\u0130L VEYA BA\u015eKA B\u0130R YASAL SORUMLULUK TEOR\u0130S\u0130NDEN KAYNAKLANMASINA BAKILMAKSIZIN, \u00dc\u00c7\u00dcNC\u00dc TARAFLARIN B\u0130LG\u0130LER\u0130N\u0130Z\u0130 VEYA M\u00dcLK\u00dcN\u00dcZ\u00dc \u00c7ARPMASI, YOK ETMES\u0130, YETK\u0130S\u0130Z ER\u0130\u015e\u0130M\u0130, DE\u011e\u0130\u015eT\u0130RMES\u0130 VEYA KULLANMASI. \u00d6NCEK\u0130LER, Profit Education Course&#8217;a ZARAR OLASILI\u011eININ B\u0130LD\u0130R\u0130LM\u0130\u015e OLMASI VEYA ZARARLARI \u00d6NG\u00d6REB\u0130LM\u0130\u015e OLMASI DURUMUNDA B\u0130LE GE\u00c7ERL\u0130D\u0130R. ZARARLAR \u0130\u00c7\u0130N SORUMLULU\u011eUN HAR\u0130\u00c7 TUTULMASINA VEYA SINIRLANDIRILMASINA \u0130Z\u0130N VERMEYEN EYLETLERDE, SORUMLULU\u011eUMUZ YASALARIN \u0130Z\u0130N VERD\u0130\u011e\u0130 EN GEN\u0130\u015e \u00d6L\u00c7\u00dcDE SINIRLIDIR. H\u0130\u00c7B\u0130R DURUMDA Profit Education Course&#8217;un S\u0130ZE KAR\u015eI K\u00dcM\u00dcLAT\u0130F SORUMLULU\u011eU 100 ABD DOLARINI A\u015eMAYACAKTIR.<\/p>\r\n\r\n\r\n\r\n<p>TALEPLER\u0130N FERAGATI<\/p>\r\n\r\n\r\n\r\n<p>\u015eirket, Sitemizin veya \u0130\u00e7eri\u011finin herhangi bir \u015fekilde kullan\u0131m\u0131 veya bunlara g\u00fcvenilmesi nedeniyle hi\u00e7bir tarafa kar\u015f\u0131 hi\u00e7bir t\u00fcrde do\u011frudan, dolayl\u0131, \u00f6zel, tesad\u00fcfi veya sonu\u00e7sal zarardan sorumlu olmayacakt\u0131r. Bu vesileyle \u015eirketi, ki\u015fisel veya ticari kesintiler, yanl\u0131\u015f uygulama veya bilgi veya herhangi bir di\u011fer kay\u0131p, durum veya sorunla ilgili olanlar da dahil olmak \u00fczere her t\u00fcrl\u00fc talepten feragat edersiniz.<\/p>\r\n\r\n\r\n\r\n<p>TAZM\u0130NAT<\/p>\r\n\r\n\r\n\r\n<p>Bu Hizmet \u015eartlar\u0131&#8217;ndan herhangi birini ihlal etmeniz veya Site&#8217;yi kullanman\u0131zdan kaynaklanan, avukatl\u0131k \u00fccretleri dahil ancak bunlarla s\u0131n\u0131rl\u0131 olmamak \u00fczere, her t\u00fcrl\u00fc kay\u0131p, hasar, uzla\u015fma, y\u00fck\u00fcml\u00fcl\u00fck, maliyet, \u00fccret, de\u011ferlendirme ve masraf ile \u00fc\u00e7\u00fcnc\u00fc taraf talepleri ve dava nedenlerinden bizi tazmin edecek ve zarar g\u00f6rmememizi sa\u011flayacaks\u0131n\u0131z. Gerekli g\u00f6rd\u00fc\u011f\u00fcm\u00fcz bilgileri, belgeleri, kay\u0131tlar\u0131 ve size makul eri\u015fimi sa\u011flamak dahil ancak bunlarla s\u0131n\u0131rl\u0131 olmamak \u00fczere, bu t\u00fcr bir savunmayla ba\u011flant\u0131l\u0131 olarak talep edebilece\u011fimiz yard\u0131m\u0131 bize \u00fccretsiz olarak sa\u011flayacaks\u0131n\u0131z. \u00d6nceden yaz\u0131l\u0131 onay\u0131m\u0131z olmadan herhangi bir \u00fc\u00e7\u00fcnc\u00fc taraf talebini \u00e7\u00f6zemez veya herhangi bir savunmadan vazge\u00e7emezsiniz.<\/p>\r\n\r\n\r\n\r\n<p>\u00c7EVR\u0130M\u0130\u00c7\u0130 T\u0130CARET<\/p>\r\n\r\n\r\n\r\n<p>Sitenin veya \u0130\u00e7eri\u011finin belirli b\u00f6l\u00fcmleri, bizden veya di\u011fer sat\u0131c\u0131lardan al\u0131\u015fveri\u015f yapman\u0131za olanak tan\u0131yabilir. Web Sitemiz veya \u0130\u00e7eri\u011fi \u00fczerinden bizden bir al\u0131\u015fveri\u015f yaparsan\u0131z, sat\u0131n alma veya i\u015fleminiz s\u0131ras\u0131nda elde edilen t\u00fcm bilgiler ve ad\u0131n\u0131z, adresiniz, \u00f6deme y\u00f6nteminiz, kredi kart\u0131 numaran\u0131z ve fatura bilgileriniz gibi i\u015flemin bir par\u00e7as\u0131 olarak verdi\u011finiz t\u00fcm bilgiler, hem biz, sat\u0131c\u0131 hem de \u00f6deme i\u015fleme \u015firketimiz taraf\u0131ndan toplanabilir.<\/p>\r\n\r\n\r\n\r\n<p>\u00d6deme i\u015fleme \u015firketlerinin ve Sat\u0131c\u0131lar\u0131n bu ba\u011f\u0131ms\u0131z politikalar\u0131 i\u00e7in hi\u00e7bir sorumlulu\u011fumuz veya y\u00fck\u00fcml\u00fcl\u00fc\u011f\u00fcm\u00fcz yoktur. Ayr\u0131ca, Sitemiz veya \u0130\u00e7eri\u011fi \u00fczerinden belirli sat\u0131n al\u0131mlar yapt\u0131\u011f\u0131n\u0131zda, sat\u0131n al\u0131m\u0131n\u0131za \u00f6zel olarak uygulanan bir \u00f6deme i\u015fleme \u015firketi, T\u00fcccar veya bizim ek h\u00fck\u00fcm ve ko\u015fullar\u0131na tabi olabilirsiniz. Bir T\u00fcccar ve uygulanabilecek h\u00fck\u00fcm ve ko\u015fullar\u0131 hakk\u0131nda daha fazla bilgi i\u00e7in, s\u00f6z konusu t\u00fcccar\u0131n Web Sitesini ziyaret edin ve bilgi ba\u011flant\u0131lar\u0131na t\u0131klay\u0131n veya do\u011frudan T\u00fcccarla ileti\u015fime ge\u00e7in.<\/p>\r\n\r\n\r\n\r\n<p><br>Web Sitemizde veya arac\u0131l\u0131\u011f\u0131yla bulunan herhangi bir i\u015ftirak, birey veya \u015firketle kat\u0131l\u0131m\u0131n\u0131z, yaz\u0131\u015fmalar\u0131n\u0131z veya ticari i\u015flemleriniz, sat\u0131n al\u0131m\u0131n\u0131zla ilgili \u00f6deme, iade ve\/veya teslimatla ili\u015fkili t\u00fcm sat\u0131n alma h\u00fck\u00fcm ve ko\u015fullar\u0131, beyanlar veya garantiler yaln\u0131zca sizinle t\u00fcccar aras\u0131ndad\u0131r. Bu t\u00fcr bir t\u00fcccarla yap\u0131lan i\u015flemler sonucunda ortaya \u00e7\u0131kan herhangi bir kay\u0131p, hasar, iade veya ba\u015fka herhangi bir konudan sorumlu olmayaca\u011f\u0131m\u0131z\u0131 veya y\u00fck\u00fcml\u00fc olmayaca\u011f\u0131m\u0131z\u0131 kabul edersiniz.<\/p>\r\n\r\n\r\n\r\n<p>Bizi, ba\u011fl\u0131 kurulu\u015flar\u0131m\u0131z\u0131, \u00f6deme i\u015fleme c \u015eirket ve t\u00fcccarlar, Web Sitemiz veya \u0130\u00e7eri\u011fi arac\u0131l\u0131\u011f\u0131yla sat\u0131n alman\u0131z veya kullanman\u0131zdan kaynaklanan herhangi bir zarardan sorumlu tutulamaz ve bize veya onlara kar\u015f\u0131 herhangi bir talepte bulunmayaca\u011f\u0131n\u0131z\u0131 kabul edersiniz.<\/p>\r\n\r\n\r\n\r\n<p>\u00dc\u00c7\u00dcNC\u00dc TARAF KAYNAKLARI<\/p>\r\n\r\n\r\n\r\n<p>Site, \u00fc\u00e7\u00fcnc\u00fc taraf web sitelerine ve kaynaklar\u0131na ba\u011flant\u0131lar i\u00e7erebilir. \u00dc\u00e7\u00fcnc\u00fc taraf web sitelerinin veya kaynaklar\u0131n\u0131n kullan\u0131labilirli\u011finden, do\u011frulu\u011fundan, i\u00e7eri\u011finden veya politikalar\u0131ndan sorumlu olmad\u0131\u011f\u0131m\u0131z\u0131 kabul edersiniz. Bu t\u00fcr web sitelerine veya kaynaklara ba\u011flant\u0131lar, \u015eirket taraf\u0131ndan herhangi bir onay veya ba\u011fl\u0131l\u0131k anlam\u0131na gelmez. Bu t\u00fcr web sitelerini veya kaynaklar\u0131 kullan\u0131m\u0131n\u0131zdan kaynaklanan t\u00fcm riskleri kabul ediyor ve bunlar\u0131n sorumlulu\u011funu \u00fcstleniyorsunuz.<\/p>\r\n\r\n\r\n\r\n<p>Bu \u0130ADE POL\u0130T\u0130KASI ile ilgili herhangi bir sorunuz veya endi\u015feniz varsa l\u00fctfen \u015fu adrese e-posta g\u00f6nderin: support@profiteducation.org,info@profiteducation.org<\/p>\r\n","protected":false},"excerpt":{"rendered":"<p>Sat\u0131n alma d\u00fc\u011fmesindeki &#8220;Hemen Sat\u0131n Al&#8221;, &#8220;Sat\u0131n Al&#8221; veya ba\u015fka bir ifadeye t\u0131klayarak veya kredi kart\u0131 bilgilerinizi girerek veya elektronik, s\u00f6zl\u00fc veya ba\u015fka bir \u015fekilde kaydolarak, sat\u0131n alma s\u0131ras\u0131nda ayr\u0131 bir Sat\u0131n Alma \u015eartlar\u0131 S\u00f6zle\u015fmesi sa\u011flanmad\u0131\u011f\u0131 s\u00fcrece, siz (&#8220;M\u00fc\u015fteri&#8221;) \u015eirket taraf\u0131ndan size \u00fcr\u00fcn, program veya hizmet sa\u011flanmas\u0131n\u0131 kabul edersiniz. \u0130ADE POL\u0130T\u0130KASI: Profit Education kursuna kat\u0131lman\u0131zdan [&hellip;]<\/p>\n","protected":false},"author":1,"featured_media":0,"parent":0,"menu_order":0,"comment_status":"closed","ping_status":"closed","template":"","meta":{"footnotes":""},"class_list":["post-122","page","type-page","status-publish","hentry"],"acf":[],"_links":{"self":[{"href":"https:\/\/profiteducation.org\/tr\/wp-json\/wp\/v2\/pages\/122","targetHints":{"allow":["GET"]}}],"collection":[{"href":"https:\/\/profiteducation.org\/tr\/wp-json\/wp\/v2\/pages"}],"about":[{"href":"https:\/\/profiteducation.org\/tr\/wp-json\/wp\/v2\/types\/page"}],"author":[{"embeddable":true,"href":"https:\/\/profiteducation.org\/tr\/wp-json\/wp\/v2\/users\/1"}],"replies":[{"embeddable":true,"href":"https:\/\/profiteducation.org\/tr\/wp-json\/wp\/v2\/comments?post=122"}],"version-history":[{"count":4,"href":"https:\/\/profiteducation.org\/tr\/wp-json\/wp\/v2\/pages\/122\/revisions"}],"predecessor-version":[{"id":169,"href":"https:\/\/profiteducation.org\/tr\/wp-json\/wp\/v2\/pages\/122\/revisions\/169"}],"wp:attachment":[{"href":"https:\/\/profiteducation.org\/tr\/wp-json\/wp\/v2\/media?parent=122"}],"curies":[{"name":"wp","href":"https:\/\/api.w.org\/{rel}","templated":true}]}}